{"id":400,"date":"2013-10-04T09:08:30","date_gmt":"2013-10-04T07:08:30","guid":{"rendered":"http:\/\/dreptak.il.pw.edu.pl\/?page_id=400"},"modified":"2020-03-12T16:35:49","modified_gmt":"2020-03-12T15:35:49","slug":"rajd-i-roku-atomowy-niedzwiedz","status":"publish","type":"page","link":"https:\/\/dreptak.il.pw.edu.pl\/?page_id=400","title":{"rendered":"Rajd I Roku ATOMOWY NIED\u0179WIED\u017b"},"content":{"rendered":"<p>Zapraszamy na Rajd I Roku z KTW Dreptak.<\/p>\n<p>Termin wyjazdu:<br \/>\n08.11-11.11.2013r.<\/p>\n<p>Jak co roku Klub Turystyki Wszelakiej Dreptak organizuje wyjazd, kt\u00f3ry cho\u0107 tworzony jest z my\u015bl\u0105 o studentach I roku, to zapraszamy na niego zar\u00f3wno Pierwszoroczniak\u00f3w jak i pozosta\u0142ych Student\u00f3w, a nawet NieStudent\u00f3w!<\/p>\n<p>W tym roku idziemy w Sudety pod has\u0142em Atomowy Nied\u017awied\u017a!<\/p>\n<p>Wst\u0119pny plan rajdu:<\/p>\n<p>Pi\u0105tek (08 listopada):<br \/>\nok. 23 Wyjazd autokarem z Warszawy do Mi\u0119dzylesia &#8211; w drodze podstawowe szkolenia z zasad bezpiecze\u0144stwa w g\u00f3rach oraz integracja.<\/p>\n<p>Sobota (09 listopada):<br \/>\nok. 6:30 przyjazd do Mi\u0119dzylesia i wyj\u015bcie w g\u00f3ry.<br \/>\nPrzechodzimy czerwonym szlakiem przez Pisary (1:45h), nast\u0119pnie zielonym szlakiem przez Tr\u00f3jmorski Wierch do schroniska na \u015anie\u017cniku (4:45h) &#8211; \u0142\u0105cznie oko\u0142o 6,5h czas\u00f3wki. Po przybyciu na miejsce zakwaterowanie oraz gry i zabawy integracyjne.<\/p>\n<p>Niedziela (10 listopada):<br \/>\nWychodzimy w g\u00f3ry, przed po\u0142udniem dla ch\u0119tnych mo\u017cliwo\u015b\u0107 zwiedzenia Jaskini Nied\u017awiedziej oraz kopalni uranu. Powr\u00f3t do schroniska szlakiem przez Czarn\u0105 G\u00f3r\u0119 &#8211; istnieje mo\u017cliwo\u015b\u0107 zej\u015bcia do sklepu. Czas w\u0119dr\u00f3wki uzale\u017cniony od pogody i ch\u0119ci uczestnik\u00f3w rajdu.<\/p>\n<p>Poniedzia\u0142ek (11 listopada):<br \/>\nWyj\u015bcie oko\u0142o 9 rano, idziemy zielonym szlakiem. Zdobywamy najwy\u017cszy szczyt w okolicy &#8211; \u015anie\u017cnik. Nast\u0119pnie idziemy do prze\u0142\u0119czy P\u0142oszczyna i schodzimy \u017c\u00f3\u0142tym do Boles\u0142awowa &#8211; \u0142\u0105cznie oko\u0142o 4,5h czas\u00f3wki.<br \/>\nW godzinach popo\u0142udniowych wyjazd autokarem do Warszawy.<\/p>\n<p>Organizatorzy zastrzegaj\u0105 sobie prawo do zmiany wst\u0119pnego planu rajdu.<\/p>\n<p>Orientacyjna cena wyjazdu:<br \/>\nStudenci I roku IL: 140z\u0142<br \/>\nStudenci IL: 150z\u0142<br \/>\nPozostali studenci PW: 170z\u0142<br \/>\nPozostali uczestnicy: 190z\u0142<\/p>\n<p>Cena zawiera:<br \/>\n&#8211; Zakwaterowanie w schronisku<br \/>\n&#8211; Ubezpieczenie<br \/>\n&#8211; Przejazdy autokarem<br \/>\n&#8211; Koszulk\u0119 wyjazdow\u0105<br \/>\n&#8211; Czu\u0142\u0105 opiek\u0119 organizator\u00f3w<\/p>\n<p>Zapisy wy\u0142\u0105cznie przez formularz:<br \/>\n<a href=\"https:\/\/docs.google.com\/forms\/d\/1KD5l8K1szKo263scMqLS9B61kTIvXLgyRXpX8zZyF2U\/viewform\" target=\"_blank\" rel=\"nofollow noopener noreferrer\">https:\/\/docs.google.com\/<wbr \/>forms\/d\/<wbr \/>1KD5l8K1szKo263scMqLS9B61kT<wbr \/>IvXLgyRXpX8zZyF2U\/viewform<\/a><\/p>\n<p>Po wype\u0142nieniu formularza zostanie wys\u0142any e-mail zwrotny z nr konta, na kt\u00f3ry nale\u017cy wp\u0142aci\u0107 zaliczk\u0119 w wysoko\u015bci 90z\u0142 w przeci\u0105gu 3 dni &#8211; po tym czasie zg\u0142oszenie zostanie uniewa\u017cnione.<\/p>\n<p>Liczba miejsc ograniczona &#8211; decyduje kolejno\u015b\u0107 potwierdzonych zg\u0142osze\u0144.<\/p>\n<p>Wszelkie pytania prosimy kierowa\u0107 do organizator\u00f3w:<br \/>\nOlga \u2013 dezet009@gmail.com<br \/>\nKrzysztof \u2013 cavar@interia.pl \/ 502914648<\/p>\n","protected":false},"excerpt":{"rendered":"<p>Zapraszamy na Rajd I Roku z KTW Dreptak. Termin wyjazdu: 08.11-11.11.2013r. Jak co roku Klub Turystyki Wszelakiej Dreptak organizuje wyjazd, kt\u00f3ry cho\u0107 tworzony jest z my\u015bl\u0105 o studentach I roku,&#8230;<\/p>\n","protected":false},"author":3,"featured_media":0,"parent":0,"menu_order":0,"comment_status":"closed","ping_status":"closed","template":"","meta":{"jetpack_post_was_ever_published":false,"_links_to":"","_links_to_target":""},"jetpack_sharing_enabled":true,"jetpack_shortlink":"https:\/\/wp.me\/P76D03-6s","_links":{"self":[{"href":"https:\/\/dreptak.il.pw.edu.pl\/index.php?rest_route=\/wp\/v2\/pages\/400"}],"collection":[{"href":"https:\/\/dreptak.il.pw.edu.pl\/index.php?rest_route=\/wp\/v2\/pages"}],"about":[{"href":"https:\/\/dreptak.il.pw.edu.pl\/index.php?rest_route=\/wp\/v2\/types\/page"}],"author":[{"embeddable":true,"href":"https:\/\/dreptak.il.pw.edu.pl\/index.php?rest_route=\/wp\/v2\/users\/3"}],"replies":[{"embeddable":true,"href":"https:\/\/dreptak.il.pw.edu.pl\/index.php?rest_route=%2Fwp%2Fv2%2Fcomments&post=400"}],"version-history":[{"count":4,"href":"https:\/\/dreptak.il.pw.edu.pl\/index.php?rest_route=\/wp\/v2\/pages\/400\/revisions"}],"predecessor-version":[{"id":2484,"href":"https:\/\/dreptak.il.pw.edu.pl\/index.php?rest_route=\/wp\/v2\/pages\/400\/revisions\/2484"}],"wp:attachment":[{"href":"https:\/\/dreptak.il.pw.edu.pl\/index.php?rest_route=%2Fwp%2Fv2%2Fmedia&parent=400"}],"curies":[{"name":"wp","href":"https:\/\/api.w.org\/{rel}","templated":true}]}}