{"id":347,"date":"2013-09-17T22:38:59","date_gmt":"2013-09-17T20:38:59","guid":{"rendered":"http:\/\/dreptak.il.pw.edu.pl\/?page_id=347"},"modified":"2017-06-26T16:29:01","modified_gmt":"2017-06-26T14:29:01","slug":"historia","status":"publish","type":"page","link":"https:\/\/dreptak.il.pw.edu.pl\/?page_id=347","title":{"rendered":"Historia"},"content":{"rendered":"<h3 align=\"left\"><b>HISTORIA KLUBU TURYSTYKI WSZELAKIEJ DREPTAK<\/b><\/h3>\n<p align=\"left\">Klub Turystyki Wszelakiej Dreptak zosta\u0142 za\u0142o\u017cony 05.11.1968 r. jako Klub Turystyki Pieszej Dreptak. Pierwsz\u0105 przemian\u0119 prze\u017cy\u0142 12.11.1976 r. zmieniaj\u0105c nazw\u0119 na t\u0119 obowi\u0105zuj\u0105c\u0105 do dzisiaj. Dreptak powsta\u0142 z\u00a0prozaicznej przyczyny \u2013 komisja turystyki RU\u00a0ZSP wyda\u0142a zarz\u0105dzenie, \u017ce\u00a0pieni\u0105dze na\u00a0obozy w\u0119drowne b\u0119d\u0105 otrzymywa\u0107 kluby wydzia\u0142owe. Poniewa\u017c Wydzia\u0142 In\u017cynierii L\u0105dowej PW nie posiada\u0142 klubu tego rodzaju, ale istnia\u0142a grupa zapalonych turyst\u00f3w, zasz\u0142a oczywista potrzeba formalnego umocowania dzia\u0142alno\u015bci turystycznej. Nazwa \u201eDreptak\u201d powsta\u0142a w\u00a0wyniku konkursu rozpisanego w\u015br\u00f3d student\u00f3w Wydzia\u0142u, a\u00a0plakietk\u0119 zaprojektowa\u0142 pierwszy Prezes Klubu, Karol Halwic. Na\u00a0pocz\u0105tku Dreptak zrzesza\u0142 jedynie niewielk\u0105 grup\u0119 student\u00f3w TK i\u00a0ich znajomych, ale wraz z\u00a0up\u0142ywem czasu sytuacja uleg\u0142a ca\u0142kowitej zmianie.<br \/>\nW\u00a0dalszej cz\u0119\u015bci tego tekstu podawane fakty dotyczy\u0107 b\u0119d\u0105 okresu po\u00a01975\u00a0r., gdy\u017c od\u00a0tego roku zaczynaj\u0105 si\u0119 zapiski w\u00a0Kronice Dreptaka \u2013 najwa\u017cniejszym \u017ar\u00f3dle opisuj\u0105cym dzieje Klubu.<\/p>\n<p>Cho\u0107 obecnie Klub zajmuje si\u0119 g\u0142\u00f3wnie turystyk\u0105 g\u00f3rsk\u0105 i\u00a0skupia stosunkowo niewielk\u0105 (lecz stale rosn\u0105c\u0105) grup\u0119 cz\u0142onk\u00f3w i\u00a0sympatyk\u00f3w, to\u00a0jednak jego charakter w\u00a0drugiej po\u0142owie lat 70. by\u0142 zdecydowanie inny. Wi\u0119ksze imprezy odbywa\u0142y si\u0119 w\u00f3wczas w\u00a0niezbyt odleg\u0142ych od\u00a0Warszawy okolicach i\u00a0bywa\u0142o \u017ce\u00a0uczestniczy\u0142o w\u00a0nich ponad 150 os\u00f3b. Organizacja takich imprez, w\u0142a\u015bciwie ju\u017c o\u00a0charakterze masowym, stanowi\u0142a du\u017ce wyzwanie. Pisz\u0105c o\u00a0wi\u0119kszych imprezach nie spos\u00f3b pomin\u0105\u0107 trzech tradycyjnych Rajd\u00f3w Dreptaka: \u201eRajdzie Pierwszego Roku\u201d, \u201eRajdzie Nietoperz\u201d, oraz \u201eRajdzie Cielak\u201d. Opr\u00f3cz rajd\u00f3w organizowanych dla du\u017cych grup odbywa\u0142y si\u0119 tak\u017ce bardziej kameralne wyjazdy w\u00a0g\u00f3ry, zar\u00f3wno piesze jak i\u00a0narciarskie. W\u00a01975 r. narodzi\u0142a si\u0119 w\u00a0Klubie idea budowy schroniska student\u00f3w In\u017cynierii L\u0105dowej. W\u00a01976 r. na\u00a0prze\u0142omie lutego i\u00a0marca odby\u0142 si\u0119 wyjazd inwentaryzacyjny do\u00a0Maniowa w\u00a0Bieszczadach. Ju\u017c latem 1977 r. za\u0142o\u017cono tam baz\u0119 namiotow\u0105, a\u00a0nawet wzniesiono szop\u0119 maj\u0105c\u0105 by\u0107 w\u00a0przysz\u0142o\u015bci sk\u0142adem drewna dla planowanej chatki. Niestety by\u0142a to pierwsza i\u00a0zarazem ostatnia pr\u00f3ba zorganizowania schroniska. Zabrak\u0142o os\u00f3b sk\u0142onnych zajmowa\u0107 si\u0119 tym pomys\u0142em, a\u00a0teren b\u0119d\u0105cy jeszcze d\u0142ugie lata w\u00a0posiadaniu Wydzia\u0142u zosta\u0142 po\u00a0transformacjach ustrojowych odsprzedany w\u00a0prywatne r\u0119ce.<\/p>\n<p align=\"left\">Dreptak tamtych czas\u00f3w to\u00a0r\u00f3wnie\u017c, organizowana w\u00a0miar\u0119 \u00f3wczesnych mo\u017cliwo\u015bci, turystyka zagraniczna. Zagraniczne wyprawy odbywa\u0142y si\u0119 najcz\u0119\u015bciej do\u00a0tzw. \u201edemolud\u00f3w\u201d (czyli Kraj\u00f3w Demokracji Ludowej), ale w\u00a01976 r. Klub otrzyma\u0142 przydzia\u0142 44 miejsc w\u00a0Kraju, 9 w\u00a0KDL i\u00a0a\u017c 5 miejsc w\u00a0KK (czyli tzw. krajach kapitalistycznych) na\u00a0organizowanych przez \u201eAlmatur\u201d letnich obozach. Zaowocowa\u0142o to\u00a0m.in. wyjazdami do\u00a0Francji, Belgii i\u00a0RFN, W\u0142och i\u00a0Austrii, Turcji, na\u00a0Krym i\u00a0do\u00a0Samarkandy. Jednocze\u015bnie, dwa razy, w\u00a0latach 1976 i\u00a01977, pr\u00f3bowano zorganizowa\u0107 wyprawy do\u00a0Afganistanu. Zamiar na\u00a0\u00f3wczesne czasy by\u0142 bardzo \u015bmia\u0142y i niestety za ka\u017cdym razem biurokratyczne przeszkody okaza\u0142y si\u0119 nie do\u00a0pokonania i\u00a0wyprawy te\u00a0nie dosz\u0142y do\u00a0skutku. Czasami, g\u0142\u00f3wnie za spraw\u0105 pasjonat\u00f3w okre\u015blonych form turystyki, odbywa\u0142y si\u0119 imprezy nieco bardziej nietypowe, np. ob\u00f3z rowerowy po\u00a0NRD w\u00a01978 r., obozy je\u017adzieckie w\u00a01979 i\u00a01980 r. czy sp\u0142yw kajakowy w\u00a01980 r. I\u00a0tak \u017cycie \u00f3wczesnych Klubowicz\u00f3w p\u0142yn\u0119\u0142o spokojnie a\u017c do\u00a0roku 1981.<\/p>\n<p align=\"left\">Coraz bardziej komplikuj\u0105ca si\u0119 sytuacja w\u00a0polityce wewn\u0119trznej i\u00a0mi\u0119dzynarodowej dotkn\u0119\u0142a r\u00f3wnie\u017c grono Dreptak\u00f3w. Latem 1981 r. nie dosz\u0142y do\u00a0skutku obozy w\u00a0Rumunii i\u00a0Bu\u0142garii. W\u00a0listopadzie 1981 r. Dreptak czynnie uczestniczy w\u00a0strajku na\u00a0uczelni i\u00a0gdy wszystko powoli zaczyna wraca\u0107 do\u00a0normy nadchodzi stan wojenny, kt\u00f3ry w\u00a0praktyce uniemo\u017cliwia Klubowi dzia\u0142alno\u015b\u0107 turystyczn\u0105. W\u00a0lecie 1982 r. udaje si\u0119 zorganizowa\u0107 jedynie dwa obozy, a\u00a0i\u00a0to\u00a0wymaga\u0142o za\u0142atwienia kilogram\u00f3w niezb\u0119dnych zezwole\u0144. Na\u00a0szcz\u0119\u015bcie stan wojenny dobiega ko\u0144ca i Klub mo\u017ce ponownie dzia\u0142a\u0107 w\u00a0normalnych warunkach. Klub wkracza w\u00a0wiek dojrza\u0142y, wraz z\u00a0kt\u00f3rym zaczynaj\u0105 si\u0119 powoli jego k\u0142opoty. Od\u00a0pewnego ju\u017c czasu cierpia\u0142 na\u00a0brak zainteresowania ze\u00a0strony student\u00f3w pierwszych lat, co\u00a0w\u00a01983 r. doprowadza do\u00a0pierwszej powa\u017cnej zapa\u015bci. Okazuje si\u0119 \u017ce\u00a0niemal wszyscy cz\u0142onkowie robi\u0105 dyplomy i\u00a0szykuj\u0105 si\u0119 do\u00a0opuszczenia Uczelni. Kryzysow\u0105 sytuacj\u0119 udaje si\u0119 za\u017cega\u0107 i\u00a0Klub, cho\u0107 ju\u017c znacznie os\u0142abiony, nadal funkcjonuje. Sytuacja powtarza si\u0119 na\u00a0pocz\u0105tku lat 90. Sytuacja polityczna skutkuje zmian\u0105 g\u00f3rnolotnego zami\u0142owania do\u00a0turystyki, na\u00a0przyziemn\u0105 pogo\u0144 za pieni\u0105dzem. Id\u0105ce za tym malej\u0105ce zainteresowanie student\u00f3w powoduje, \u017ce\u00a0w\u00a01995\u00a0r. Dreptak w\u00a0swoim dotychczasowym kszta\u0142cie praktycznie przestaje istnie\u0107.<\/p>\n<p align=\"left\">Nast\u0119pnie, jedynie od\u00a0czasu do\u00a0czasu spotyka si\u0119 w\u00a0siedzibie Dreptaka kilku ludzi, kto\u015b organizuje jaki\u015b wyjazd firmuj\u0105c go nazw\u0105 Klubu. Jednak ze\u00a0starym Klubem nie mia\u0142o to\u00a0wiele wsp\u00f3lnego. Wa\u017cn\u0105 rol\u0119 odegra\u0142 nasz obecny opiekun, dr hab. in\u017c. R. Robert Gajewski. Wraz ze\u00a0swoim zespo\u0142em \u201eDzwony Gajowego\u201d podtrzymywa\u0142 istnienie Dreptaka umo\u017cliwiaj\u0105c mu prze\u017cycie. Aby pokaza\u0107, \u017ce\u00a0Klub nadal dzia\u0142a, uchwalono 10.06.1998 r. nowy statut. I\u00a0tak stan ten trwa\u0142, a\u017c do pewnego dnia&#8230;<\/p>\n<p align=\"left\">G\u0142ow\u0119 jednego ze\u00a0student\u00f3w naszego Wydzia\u0142u zacz\u0119\u0142y zaprz\u0105ta\u0107 my\u015bli dlaczego inne wydzia\u0142y maj\u0105 swoje Kluby, a\u00a0In\u017cynieria L\u0105dowa nie. Kamil Bystrzy\u0144ski, bo\u00a0o\u00a0nim\u00a0mowa, ustali\u0142 \u017ce\u00a0kiedy\u015b na\u00a0Wydziale In\u017cynierii L\u0105dowej by\u0142 klub zrzeszaj\u0105cy mi\u0142o\u015bnik\u00f3w turystyki i dotar\u0142 do\u00a0doktora\u00a0Gajewskiego. Razem postanowili reaktywowa\u0107 Klub. W\u00a0rezultacie 17.04.2000\u00a0r. zosta\u0142 powo\u0142any nowy, sze\u015bcioosobowy sk\u0142ad Zarz\u0105du, a\u00a0ju\u017c 20.12.2000\u00a0r. uchwalono nowy Statut. Powsta\u0142o r\u00f3wnie\u017c nowe logo, podkre\u015blaj\u0105ce \u201ewkroczenie Klubu na\u00a0now\u0105 drog\u0105 \u017cycia\u201d.<\/p>\n<p align=\"left\"><i>Histori\u0119 spisa\u0142 Przemys\u0142aw Wi\u0119ch. <\/i><\/p>\n<p align=\"left\"><i>Na potrzeby Dnia Wydzia\u0142u In\u017cynierii L\u0105dowej odbywaj\u0105cego si\u0119 03.06.2011r. tekst przeredagowa\u0142 Bartosz Fornalski.<\/i><\/p>\n","protected":false},"excerpt":{"rendered":"<p>HISTORIA KLUBU TURYSTYKI WSZELAKIEJ DREPTAK Klub Turystyki Wszelakiej Dreptak zosta\u0142 za\u0142o\u017cony 05.11.1968 r. jako Klub Turystyki Pieszej Dreptak. Pierwsz\u0105 przemian\u0119 prze\u017cy\u0142 12.11.1976 r. zmieniaj\u0105c nazw\u0119 na t\u0119 obowi\u0105zuj\u0105c\u0105 do dzisiaj&#8230;.<\/p>\n","protected":false},"author":3,"featured_media":0,"parent":290,"menu_order":0,"comment_status":"closed","ping_status":"closed","template":"","meta":{"jetpack_post_was_ever_published":false,"_links_to":"","_links_to_target":""},"jetpack_sharing_enabled":true,"jetpack_shortlink":"https:\/\/wp.me\/P76D03-5B","_links":{"self":[{"href":"https:\/\/dreptak.il.pw.edu.pl\/index.php?rest_route=\/wp\/v2\/pages\/347"}],"collection":[{"href":"https:\/\/dreptak.il.pw.edu.pl\/index.php?rest_route=\/wp\/v2\/pages"}],"about":[{"href":"https:\/\/dreptak.il.pw.edu.pl\/index.php?rest_route=\/wp\/v2\/types\/page"}],"author":[{"embeddable":true,"href":"https:\/\/dreptak.il.pw.edu.pl\/index.php?rest_route=\/wp\/v2\/users\/3"}],"replies":[{"embeddable":true,"href":"https:\/\/dreptak.il.pw.edu.pl\/index.php?rest_route=%2Fwp%2Fv2%2Fcomments&post=347"}],"version-history":[{"count":7,"href":"https:\/\/dreptak.il.pw.edu.pl\/index.php?rest_route=\/wp\/v2\/pages\/347\/revisions"}],"predecessor-version":[{"id":1622,"href":"https:\/\/dreptak.il.pw.edu.pl\/index.php?rest_route=\/wp\/v2\/pages\/347\/revisions\/1622"}],"up":[{"embeddable":true,"href":"https:\/\/dreptak.il.pw.edu.pl\/index.php?rest_route=\/wp\/v2\/pages\/290"}],"wp:attachment":[{"href":"https:\/\/dreptak.il.pw.edu.pl\/index.php?rest_route=%2Fwp%2Fv2%2Fmedia&parent=347"}],"curies":[{"name":"wp","href":"https:\/\/api.w.org\/{rel}","templated":true}]}}