{"id":2211,"date":"2018-09-17T20:54:33","date_gmt":"2018-09-17T18:54:33","guid":{"rendered":"http:\/\/dreptak.il.pw.edu.pl\/?page_id=2211"},"modified":"2019-06-14T07:06:56","modified_gmt":"2019-06-14T05:06:56","slug":"50-lecie","status":"publish","type":"page","link":"https:\/\/dreptak.il.pw.edu.pl\/?page_id=2211","title":{"rendered":"50-lecie"},"content":{"rendered":"<p><img decoding=\"async\" loading=\"lazy\" class=\"wp-image-2383 alignleft\" src=\"http:\/\/dreptak.il.pw.edu.pl\/wp-content\/uploads\/2018\/09\/50_2-300x225.jpg\" alt=\"\" width=\"112\" height=\"84\" srcset=\"https:\/\/dreptak.il.pw.edu.pl\/wp-content\/uploads\/2018\/09\/50_2-300x225.jpg 300w, https:\/\/dreptak.il.pw.edu.pl\/wp-content\/uploads\/2018\/09\/50_2-768x576.jpg 768w, https:\/\/dreptak.il.pw.edu.pl\/wp-content\/uploads\/2018\/09\/50_2-1024x768.jpg 1024w\" sizes=\"(max-width: 112px) 100vw, 112px\" \/> W 2018 roku \u015bwi\u0119towali\u015bmy 50-lecie powstania Klubu Turystyki Wszelakiej Dreptak (wtedy pod nazw\u0105 Klub Turystyki Pieszej DREPTAK). Z tej okazji podj\u0119li\u015bmy wiele dzia\u0142a\u0144, aby uczci\u0107 z\u0142oty jubileusz.<\/p>\n<hr \/>\n<h3>Spotkanie robocze<br \/>\n<img decoding=\"async\" loading=\"lazy\" class=\"wp-image-2380 size-medium alignright\" src=\"http:\/\/dreptak.il.pw.edu.pl\/wp-content\/uploads\/2018\/09\/Spotkanie_robocze-300x225.jpg\" alt=\"\" width=\"300\" height=\"225\" srcset=\"https:\/\/dreptak.il.pw.edu.pl\/wp-content\/uploads\/2018\/09\/Spotkanie_robocze-300x225.jpg 300w, https:\/\/dreptak.il.pw.edu.pl\/wp-content\/uploads\/2018\/09\/Spotkanie_robocze-768x576.jpg 768w, https:\/\/dreptak.il.pw.edu.pl\/wp-content\/uploads\/2018\/09\/Spotkanie_robocze-1024x768.jpg 1024w, https:\/\/dreptak.il.pw.edu.pl\/wp-content\/uploads\/2018\/09\/Spotkanie_robocze.jpg 1920w\" sizes=\"(max-width: 300px) 100vw, 300px\" \/><\/h3>\n<p>W lutym 2018 zorganizowali\u015bmy spotkanie robocze, kt\u00f3rego celem by\u0142o ustalenie formy obchod\u00f3w i ramowego planu dzia\u0142a\u0144. Poruszyli\u015bmy wiele kwestii. Na spotkaniu by\u0142o obecnych 21 os\u00f3b, w tym pierwszych dw\u00f3ch Prezes\u00f3w Klubu! Wynikiem burzy m\u00f3zg\u00f3w by\u0142 ambitny plan na rok obchod\u00f3w.<\/p>\n<hr \/>\n<h3>Tradycyjny Rajd Cielak<\/h3>\n<p>Pierwszym wydarzeniem by\u0142 tradycyjny\u00a0 Rajd Cielak. Odby\u0142 si\u0119 w Julian\u00f3wce k. Mi\u0144ska Mazowieckiego. <span class=\" _2iem\"> Pogoda i sceneria by\u0142a przepi\u0119kna, frekwencja dopisa\u0142a, program &#8211; czyli mi\u0119dzypokoleniowa zabawa &#8211;\u00a0 zosta\u0142 zrealizowany.<\/span><\/p>\n<p><img decoding=\"async\" loading=\"lazy\" class=\"aligncenter size-full wp-image-2239\" src=\"http:\/\/dreptak.il.pw.edu.pl\/wp-content\/uploads\/2011\/08\/44522674_1720364191402719_846557286905151488_o.jpg\" alt=\"\" width=\"1728\" height=\"1296\" srcset=\"https:\/\/dreptak.il.pw.edu.pl\/wp-content\/uploads\/2011\/08\/44522674_1720364191402719_846557286905151488_o.jpg 1728w, https:\/\/dreptak.il.pw.edu.pl\/wp-content\/uploads\/2011\/08\/44522674_1720364191402719_846557286905151488_o-300x225.jpg 300w, https:\/\/dreptak.il.pw.edu.pl\/wp-content\/uploads\/2011\/08\/44522674_1720364191402719_846557286905151488_o-768x576.jpg 768w, https:\/\/dreptak.il.pw.edu.pl\/wp-content\/uploads\/2011\/08\/44522674_1720364191402719_846557286905151488_o-1024x768.jpg 1024w\" sizes=\"(max-width: 1728px) 100vw, 1728px\" \/><\/p>\n<p>Wi\u0119cej zdj\u0119\u0107 znajduje si\u0119 w <a href=\"https:\/\/www.facebook.com\/pg\/Dreptak\/photos\/?tab=album&amp;album_id=1720360181403120\">galerii<\/a>.<\/p>\n<hr \/>\n<h3>Oficjalne Obchody<a href=\"http:\/\/dreptak.il.pw.edu.pl\/wp-content\/uploads\/2018\/10\/50-lecie-ktw-dreptak.png\"><img decoding=\"async\" loading=\"lazy\" class=\"wp-image-2235 size-medium alignright\" src=\"http:\/\/dreptak.il.pw.edu.pl\/wp-content\/uploads\/2018\/10\/50-lecie-ktw-dreptak-212x300.png\" alt=\"\" width=\"212\" height=\"300\" srcset=\"https:\/\/dreptak.il.pw.edu.pl\/wp-content\/uploads\/2018\/10\/50-lecie-ktw-dreptak-212x300.png 212w, https:\/\/dreptak.il.pw.edu.pl\/wp-content\/uploads\/2018\/10\/50-lecie-ktw-dreptak-768x1086.png 768w, https:\/\/dreptak.il.pw.edu.pl\/wp-content\/uploads\/2018\/10\/50-lecie-ktw-dreptak-724x1024.png 724w, https:\/\/dreptak.il.pw.edu.pl\/wp-content\/uploads\/2018\/10\/50-lecie-ktw-dreptak.png 794w\" sizes=\"(max-width: 212px) 100vw, 212px\" \/><\/a><\/h3>\n<p><span class=\"_44bj\">Oficjalne obchody z\u0142otego jubileuszu powstania Klubu odby\u0142y si\u0119 20 pa\u017adziernika 2018 roku. rozpocz\u0119\u0142y si\u0119 od uhonorowania wszystkich Prezes\u00f3w Klubu. Atrakcj\u0105 wieczoru by\u0142 k\u0105cik muzealny pe\u0142en starych obozowych naszywek i fotografii oraz koncert zespo\u0142u &#8222;Obc\u0119g\u00f3wa&#8221;. <\/span><\/p>\n<p><span class=\"_44bj\">By\u0142 to wspania\u0142y czas, pe\u0142en spotka\u0144 ludzi wielu pokole\u0144. Mimo r\u00f3\u017cnicy wieku by\u0142o czu\u0107 ni\u0107 porozumienia. By\u0142 czas na wymian\u0119 do\u015bwiadcze\u0144, wzajemn\u0105 inspiracj\u0119 i wsp\u00f3lne muzykowanie.<\/span><\/p>\n<h4>Relacja z wydarzenia<\/h4>\n<div class=\"fb-video\" data-allowfullscreen=\"true\" data-href=\"https:\/\/www.facebook.com\/telewizja.tvpw\/videos\/1741252282646751\/\"><\/div>\n<h4>broszura<\/h4>\n<p>Z okazji obchod\u00f3w zosta\u0142 wydany okoliczno\u015bciowy informator. Zapraszamy do lektury. <a href=\"https:\/\/chmura.il.pw.edu.pl\/index.php\/s\/AL7I8M5QB6mfTwB\"><img decoding=\"async\" loading=\"lazy\" class=\"alignleft wp-image-2385 size-medium\" src=\"http:\/\/dreptak.il.pw.edu.pl\/wp-content\/uploads\/2018\/09\/strtyt-212x300.png\" alt=\"\" width=\"212\" height=\"300\" srcset=\"https:\/\/dreptak.il.pw.edu.pl\/wp-content\/uploads\/2018\/09\/strtyt-212x300.png 212w, https:\/\/dreptak.il.pw.edu.pl\/wp-content\/uploads\/2018\/09\/strtyt.png 559w\" sizes=\"(max-width: 212px) 100vw, 212px\" \/><\/a><\/p>\n<blockquote><p><em>(&#8230;) <\/em><em>Nie spos\u00f3b policzy\u0107, ile przez te lata zosta\u0142o<\/em><br \/>\n<em>rozpalonych ognisk, za\u015bpiewanych piosenek, przetartych szlak\u00f3w,<\/em><br \/>\n<em>zdobyt<\/em><em>ych szczyt\u00f3w, wypitych trunk\u00f3w. Ile powsta\u0142o przyja\u017ani,<\/em><br \/>\n<em>ma\u0142\u017ce\u0144stw, dzieci. Ile cennych wspomnie\u0144 i zabawnych historii. (&#8230;) Po latach pozosta\u0142y wsp\u00f3lne wspomnienia. W\u0142a\u015bnie do<\/em><br \/>\n<em>tych wspomnie\u0144 chcieliby\u015bmy si\u0119 odwo\u0142a\u0107 i r\u00f3wnocze\u015bnie szuka\u0107<\/em><br \/>\n<em>inspiracji do spe\u0142niania kolejnych marze\u0144. Podkre\u015bli\u0107 si\u0142\u0119 nauki, kt\u00f3r\u0105<\/em><br \/>\n<em>daje wsp\u00f3lna historia i refleksji nad przemijaj\u0105cym czasem, a tak\u017ce tym<\/em><br \/>\n<em>co w \u017cyciu wa\u017cne. (&#8230;)<\/em><br \/>\nMa\u0142gorzata Siedlaczek<\/p><\/blockquote>\n<p>(Do pobrania po klikni\u0119ciu na obrazek.)<\/p>\n<h4>Galeria zdj\u0119\u0107<\/h4>\n<p><img decoding=\"async\" loading=\"lazy\" class=\"aligncenter size-full wp-image-2388\" src=\"http:\/\/dreptak.il.pw.edu.pl\/wp-content\/uploads\/2018\/09\/IMG_8545.jpg\" alt=\"\" width=\"2048\" height=\"1365\" srcset=\"https:\/\/dreptak.il.pw.edu.pl\/wp-content\/uploads\/2018\/09\/IMG_8545.jpg 2048w, https:\/\/dreptak.il.pw.edu.pl\/wp-content\/uploads\/2018\/09\/IMG_8545-300x200.jpg 300w, https:\/\/dreptak.il.pw.edu.pl\/wp-content\/uploads\/2018\/09\/IMG_8545-768x512.jpg 768w, https:\/\/dreptak.il.pw.edu.pl\/wp-content\/uploads\/2018\/09\/IMG_8545-1024x683.jpg 1024w\" sizes=\"(max-width: 2048px) 100vw, 2048px\" \/><\/p>\n<p>Galeria zdj\u0119\u0107 z wydarzenia dost\u0119pna jest\u00a0 <a href=\"https:\/\/www.facebook.com\/pg\/telewizja.tvpw\/photos\/?tab=album&amp;album_id=10156590354169435&amp;ref=page_internal\">pod tym linkiem<\/a>.<\/p>\n<p>&nbsp;<\/p>\n<h4>Patroni<\/h4>\n<p>Takie wydarzenie nie odby\u0142oby si\u0119 bez wsparcia wielu jednostek. Serdecznie dzi\u0119kujemy Wydzia\u0142owi In\u017cynierii L\u0105dowej za udost\u0119pnienie holu g\u0142\u00f3wnego. Nad nag\u0142o\u015bnieniem czuwa\u0142 <a href=\"http:\/\/amplitron.pw\/\">Klub Amplitron<\/a>, a fotorelacj\u0119 i filmik stworzy\u0142o <a href=\"https:\/\/tvpw.pl\/\">TVPW<\/a>.\u00a0 Warto tak\u017ce wspomnie\u0107, \u017ce w\u0142\u0105czyli\u015bmy nasz obchody jako cz\u0119\u015b\u0107 obchod\u00f3w stulecia odzyskania niepodleg\u0142o\u015bci.<\/p>\n<p><img decoding=\"async\" loading=\"lazy\" class=\"aligncenter wp-image-2382 size-large\" src=\"http:\/\/dreptak.il.pw.edu.pl\/wp-content\/uploads\/2018\/09\/Telebim-1024x576.png\" alt=\"\" width=\"740\" height=\"416\" srcset=\"https:\/\/dreptak.il.pw.edu.pl\/wp-content\/uploads\/2018\/09\/Telebim-1024x576.png 1024w, https:\/\/dreptak.il.pw.edu.pl\/wp-content\/uploads\/2018\/09\/Telebim-300x169.png 300w, https:\/\/dreptak.il.pw.edu.pl\/wp-content\/uploads\/2018\/09\/Telebim-768x432.png 768w, https:\/\/dreptak.il.pw.edu.pl\/wp-content\/uploads\/2018\/09\/Telebim.png 1920w\" sizes=\"(max-width: 740px) 100vw, 740px\" \/><\/p>\n<hr \/>\n<h3>Zdobycie KGP<\/h3>\n<p>Ca\u0142orocznym projektem by\u0142o tak\u017ce zdobycie Korony G\u00f3r Polski z flag\u0105 KTW (lub st\u00f3pkami). Galeria wkr\u00f3tce.<\/p>\n","protected":false},"excerpt":{"rendered":"<p>W 2018 roku \u015bwi\u0119towali\u015bmy 50-lecie powstania Klubu Turystyki Wszelakiej Dreptak (wtedy pod nazw\u0105 Klub Turystyki Pieszej DREPTAK). Z tej okazji podj\u0119li\u015bmy wiele dzia\u0142a\u0144, aby uczci\u0107 z\u0142oty jubileusz. Spotkanie robocze W&#8230;<\/p>\n","protected":false},"author":9,"featured_media":0,"parent":0,"menu_order":0,"comment_status":"closed","ping_status":"closed","template":"","meta":{"jetpack_post_was_ever_published":false,"_links_to":"","_links_to_target":""},"jetpack_sharing_enabled":true,"jetpack_shortlink":"https:\/\/wp.me\/P76D03-zF","_links":{"self":[{"href":"https:\/\/dreptak.il.pw.edu.pl\/index.php?rest_route=\/wp\/v2\/pages\/2211"}],"collection":[{"href":"https:\/\/dreptak.il.pw.edu.pl\/index.php?rest_route=\/wp\/v2\/pages"}],"about":[{"href":"https:\/\/dreptak.il.pw.edu.pl\/index.php?rest_route=\/wp\/v2\/types\/page"}],"author":[{"embeddable":true,"href":"https:\/\/dreptak.il.pw.edu.pl\/index.php?rest_route=\/wp\/v2\/users\/9"}],"replies":[{"embeddable":true,"href":"https:\/\/dreptak.il.pw.edu.pl\/index.php?rest_route=%2Fwp%2Fv2%2Fcomments&post=2211"}],"version-history":[{"count":15,"href":"https:\/\/dreptak.il.pw.edu.pl\/index.php?rest_route=\/wp\/v2\/pages\/2211\/revisions"}],"predecessor-version":[{"id":2392,"href":"https:\/\/dreptak.il.pw.edu.pl\/index.php?rest_route=\/wp\/v2\/pages\/2211\/revisions\/2392"}],"wp:attachment":[{"href":"https:\/\/dreptak.il.pw.edu.pl\/index.php?rest_route=%2Fwp%2Fv2%2Fmedia&parent=2211"}],"curies":[{"name":"wp","href":"https:\/\/api.w.org\/{rel}","templated":true}]}}