{"id":1610,"date":"2017-06-26T16:01:59","date_gmt":"2017-06-26T14:01:59","guid":{"rendered":"http:\/\/dreptak.il.pw.edu.pl\/?page_id=1610"},"modified":"2017-07-17T22:04:17","modified_gmt":"2017-07-17T20:04:17","slug":"dolacz-do-nas","status":"publish","type":"page","link":"https:\/\/dreptak.il.pw.edu.pl\/?page_id=1610","title":{"rendered":"Do\u0142\u0105cz do nas!"},"content":{"rendered":"<p><strong>Je\u015bli masz dusz\u0119 w\u0119drowca i nieoboj\u0119tne jest Ci w jaki spos\u00f3b sp\u0119dzasz wolny czas, przyjd\u017a i poznaj nas. Mo\u017ce zdecydujesz si\u0119 wyjecha\u0107 z nami w g\u00f3ry, a potem do\u0142\u0105czy\u0107 do naszego Klubu.<\/strong><br \/>\nTrasy na du\u017cych rajdach dostosowane s\u0105 do mo\u017cliwo\u015bci grupy. Na ko\u0144cu grupy zawsze idzie osoba do\u015bwiadczona, kt\u00f3ra zamyka grup\u0119 i dba o samopoczucie uczestnik\u00f3w. Brak specjalistycznego sprz\u0119tu r\u00f3wnie\u017c nie jest przeszkod\u0105, na pierwszy rajd (zw\u0142aszcza w lecie) zazwyczaj wystarcz\u0105 adidasy, zwyk\u0142y plecak i dobry humor.<img decoding=\"async\" loading=\"lazy\" class=\"aligncenter wp-image-378 size-medium\" src=\"http:\/\/dreptak.il.pw.edu.pl\/wp-content\/uploads\/2011\/08\/380344_307721189333700_84497114_n-225x300.jpg\" alt=\"\" width=\"225\" height=\"300\" srcset=\"https:\/\/dreptak.il.pw.edu.pl\/wp-content\/uploads\/2011\/08\/380344_307721189333700_84497114_n-225x300.jpg 225w, https:\/\/dreptak.il.pw.edu.pl\/wp-content\/uploads\/2011\/08\/380344_307721189333700_84497114_n.jpg 720w\" sizes=\"(max-width: 225px) 100vw, 225px\" \/><\/p>\n<p><!--more--><\/p>\n<h4>A mo\u017ce co\u015b wi\u0119cej?<\/h4>\n<p>Je\u017celi chcesz zaanga\u017cowa\u0107 si\u0119 w dzia\u0142alno\u015b\u0107 Klubu, to zapraszamy do wst\u0105pienia w nasze szeregi. Zgodnie z nasz\u0105 tradycj\u0105 cz\u0142onkiem mo\u017cna zosta\u0107 po wzi\u0119ciu udzia\u0142u w m.in. dw\u00f3ch rajdach, z\u0142o\u017ceniu podania (z za\u0142\u0105cznikiem) na r\u0119ce Prezesa oraz zdaniu egzaminu. Egzamin nie przypomina tych zdawanych na studiach i odbywa si\u0119 najcz\u0119\u015bciej na rajdach w mniej formalnej atmosferze. Pytania, na kt\u00f3re trzeba zna\u0107 odpowied\u017a, to np. co robi\u0142 Hipis, gdy zgubi\u0142 klapka lub jaka jest najwy\u017csza g\u00f3ra w Australii, ale ostrzegamy: kreatywno\u015b\u0107 Dreptakowicz\u00f3w jest naprawd\u0119 nieograniczona! \ud83d\ude42<\/p>\n<h4>Po egzaminie<\/h4>\n<p>Jako oficjalny Cz\u0142onek Klubu Turystyki Wszelakiej Dreptak otrzymujesz naszywk\u0119 klubow\u0105, zostajesz wpisany w Ksi\u0119g\u0119 Cz\u0142onk\u00f3w i od tej pory rejestrowane s\u0105 rajdy, w kt\u00f3rrych bra\u0142e\u015b udzia\u0142 jako uczestnik b\u0105d\u017a organizator. Dzi\u0119ki temu w przysz\u0142o\u015bci mo\u017ce uda Ci si\u0119 otrzyma\u0107 tytu\u0142 &#8222;Przewodnika dreptaka&#8221;. Opr\u00f3cz tego otrzymujesz czynne i bierne prawo wyborcze, masz prawo do udzia\u0142u i g\u0142osowania w corocznym Walnym Zebraniu, a tak\u017ce mo\u017cesz zaanga\u017cowa\u0107 si\u0119 bardziej w \u017cycie Klubu.<\/p>\n<h4>Co daje cz\u0142onkostwo?<\/h4>\n<p>Otrzymanie plakietki klubowej jest znakiem przynale\u017cno\u015bci do Klubu. Jest to mo\u017cliwo\u015b\u0107, by sta\u0107 si\u0119 cz\u0119\u015bci\u0105 d\u0142u\u017cszej historii &#8211; bo trwaj\u0105cej ju\u017c od 1968 roku, kiedy to Dreptak zosta\u0142 za\u0142o\u017cony. Wsp\u00f3lne wyjazdy bardzo integruj\u0105 i s\u0105 \u015bwietnym miejscem do zawi\u0105zania przyja\u017ani i znajomo\u015bci na ca\u0142e \u017cycie. Jak wa\u017cny jest dla Cz\u0142onk\u00f3w Klub wida\u0107 najbardziej podczas tradycyjnego Rajdu Cielak, na kt\u00f3ry przyje\u017cd\u017caj\u0105 m\u0142odsi i starci Weterani. W tak wielopokoleniowym gronie potrafimy si\u0119 razem bawi\u0107 i planowa\u0107 nowe podr\u00f3\u017ce.<\/p>\n","protected":false},"excerpt":{"rendered":"<p>Je\u015bli masz dusz\u0119 w\u0119drowca i nieoboj\u0119tne jest Ci w jaki spos\u00f3b sp\u0119dzasz wolny czas, przyjd\u017a i poznaj nas. Mo\u017ce zdecydujesz si\u0119 wyjecha\u0107 z nami w g\u00f3ry, a potem do\u0142\u0105czy\u0107 do&#8230;<\/p>\n","protected":false},"author":9,"featured_media":0,"parent":0,"menu_order":0,"comment_status":"closed","ping_status":"closed","template":"","meta":{"jetpack_post_was_ever_published":false,"_links_to":"","_links_to_target":""},"jetpack_sharing_enabled":true,"jetpack_shortlink":"https:\/\/wp.me\/P76D03-pY","_links":{"self":[{"href":"https:\/\/dreptak.il.pw.edu.pl\/index.php?rest_route=\/wp\/v2\/pages\/1610"}],"collection":[{"href":"https:\/\/dreptak.il.pw.edu.pl\/index.php?rest_route=\/wp\/v2\/pages"}],"about":[{"href":"https:\/\/dreptak.il.pw.edu.pl\/index.php?rest_route=\/wp\/v2\/types\/page"}],"author":[{"embeddable":true,"href":"https:\/\/dreptak.il.pw.edu.pl\/index.php?rest_route=\/wp\/v2\/users\/9"}],"replies":[{"embeddable":true,"href":"https:\/\/dreptak.il.pw.edu.pl\/index.php?rest_route=%2Fwp%2Fv2%2Fcomments&post=1610"}],"version-history":[{"count":9,"href":"https:\/\/dreptak.il.pw.edu.pl\/index.php?rest_route=\/wp\/v2\/pages\/1610\/revisions"}],"predecessor-version":[{"id":1728,"href":"https:\/\/dreptak.il.pw.edu.pl\/index.php?rest_route=\/wp\/v2\/pages\/1610\/revisions\/1728"}],"wp:attachment":[{"href":"https:\/\/dreptak.il.pw.edu.pl\/index.php?rest_route=%2Fwp%2Fv2%2Fmedia&parent=1610"}],"curies":[{"name":"wp","href":"https:\/\/api.w.org\/{rel}","templated":true}]}}